{"id":3,"date":"2023-09-21T12:41:01","date_gmt":"2023-09-21T12:41:01","guid":{"rendered":"https:\/\/pixelpiernyc.vamtam.com\/?page_id=3"},"modified":"2024-11-02T12:03:34","modified_gmt":"2024-11-02T12:03:34","slug":"politique-confidentialite","status":"publish","type":"page","link":"https:\/\/supersuasive.com\/fr\/politique-confidentialite\/","title":{"rendered":"Politique de confidentialit\u00e9"},"content":{"rendered":"\t\t<div data-elementor-type=\"wp-page\" data-elementor-id=\"3\" class=\"elementor elementor-3\" data-elementor-post-type=\"page\">\n\t\t\t\t<div class=\"elementor-element elementor-element-3431f28 e-flex e-con-boxed e-con e-parent\" data-id=\"3431f28\" data-element_type=\"container\" data-e-type=\"container\">\n\t\t\t\t\t<div class=\"e-con-inner\">\n\t\t\t\t<div class=\"elementor-element elementor-element-bdca18e elementor-widget__width-initial gradheadi elementor-widget elementor-widget-heading\" data-id=\"bdca18e\" data-element_type=\"widget\" data-e-type=\"widget\" data-widget_type=\"heading.default\">\n\t\t\t\t\t<h2 class=\"elementor-heading-title elementor-size-default\">Politique de Confidentialit\u00e9<\/h2>\t\t\t\t<\/div>\n\t\t\t\t<div class=\"elementor-element elementor-element-fcd12f1 elementor-widget elementor-widget-text-editor\" data-id=\"fcd12f1\" data-element_type=\"widget\" data-e-type=\"widget\" data-widget_type=\"text-editor.default\">\n\t\t\t\t\t\t\t\t\tDerni\u00e8re mise-\u00e0-jour le 21\/09\/2023\t\t\t\t\t\t\t\t<\/div>\n\t\t\t\t\t<\/div>\n\t\t\t\t<\/div>\n\t\t<div class=\"elementor-element elementor-element-6aa36c74 e-flex e-con-boxed e-con e-parent\" data-id=\"6aa36c74\" data-element_type=\"container\" data-e-type=\"container\">\n\t\t\t\t\t<div class=\"e-con-inner\">\n\t\t\t\t<div class=\"elementor-element elementor-element-1b08afdc elementor-widget elementor-widget-text-editor\" data-id=\"1b08afdc\" data-element_type=\"widget\" data-e-type=\"widget\" data-widget_type=\"text-editor.default\">\n\t\t\t\t\t\t\t\t\t<p><\/p>\n<p>Chez Supersuasive, nous nous engageons \u00e0 prot\u00e9ger la confidentialit\u00e9 et la s\u00e9curit\u00e9 de vos donn\u00e9es personnelles. Cette Politique de Confidentialit\u00e9 explique comment nous collectons, utilisons, partageons et prot\u00e9geons les informations relatives \u00e0 nos utilisateurs et clients. Elle s&rsquo;applique \u00e0 toutes les informations recueillies par Supersuasive \u00e0 travers notre site web.<\/p>\n<h3 class=\"wp-block-heading\">1. Donn\u00e9es personnelles que nous collectons<\/h3>\n<p>Nous collectons les donn\u00e9es personnelles que vous choisissez de nous fournir, notamment :<\/p>\n<ul>\n<li><strong>Informations d&rsquo;identification<\/strong> : Nom, adresse e-mail, informations de contact.<\/li>\n<li><strong>Informations de paiement<\/strong> : D\u00e9tails utilis\u00e9s exclusivement pour la facturation et le traitement de vos commandes.<\/li>\n<li><strong>Donn\u00e9es d&rsquo;utilisation<\/strong> : Comment vous utilisez notre site web, telles que les pages visit\u00e9es.<\/li>\n<\/ul>\n<p>Nous recueillons ces informations via les formulaires sur notre site web et l&rsquo;utilisation de cookies pour am\u00e9liorer votre exp\u00e9rience utilisateur.<\/p>\n<h3>2. Utilisation de vos donn\u00e9es<\/h3>\n<p>Vos donn\u00e9es personnelles sont utilis\u00e9es pour :<\/p>\n<ul>\n<li>Fournir et am\u00e9liorer nos services de marketing digital.<\/li>\n<li>Traiter les paiements et les commandes.<\/li>\n<li>Communiquer avec vous, notamment pour le marketing et le support.<\/li>\n<li>Am\u00e9liorer la navigation et la performance de notre site.<\/li>\n<\/ul><div><br><\/div>\n<h3>3. Partage des donn\u00e9es<\/h3>\n<p>Nous pouvons partager vos donn\u00e9es avec des tiers dans les circonstances suivantes :<\/p>\n<ul>\n<li>Prestataires de services agissant en notre nom pour la fourniture de services.<\/li>\n<li>Conformit\u00e9 \u00e0 la loi, r\u00e9glementations, ou demandes l\u00e9gales.<\/li>\n<\/ul>\n<p>Nous veillons \u00e0 ce que tous les tiers respectent la s\u00e9curit\u00e9 de vos donn\u00e9es personnelles conform\u00e9ment \u00e0 cette politique.<\/p>\n<h3>4. S\u00e9curit\u00e9 des donn\u00e9es<\/h3>\n<p>Nous utilisons des mesures techniques pour prot\u00e9ger vos donn\u00e9es contre l&rsquo;acc\u00e8s non autoris\u00e9, la perte ou la destruction. Bien que nous nous efforcions d&rsquo;assurer la s\u00e9curit\u00e9 de vos donn\u00e9es, aucune transmission sur Internet n&rsquo;est totalement s\u00e9curis\u00e9e.<\/p>\n<h3>5. Cookies et technologies similaires<\/h3>\n<p>Nous utilisons des cookies pour am\u00e9liorer votre exp\u00e9rience sur notre site. Ces petits fichiers stockent des informations sur votre navigation et nous aident \u00e0 personnaliser nos services. Vous pouvez contr\u00f4ler l&rsquo;utilisation des cookies \u00e0 travers les param\u00e8tres de votre navigateur.<\/p>\n<h3>6. Vos droits<\/h3>\n<p>Conform\u00e9ment au RGPD, vous avez le droit d&rsquo;acc\u00e9der \u00e0 vos donn\u00e9es, de demander leur rectification ou suppression, et de vous opposer \u00e0 leur traitement. Pour exercer ces droits, veuillez nous contacter \u00e0 <a target=\"_new\">contact@supersuasive.com<\/a>.<\/p>\n<h3>7. Modifications de notre Politique de Confidentialit\u00e9<\/h3>\n<p>Nous pouvons mettre \u00e0 jour cette politique pour refl\u00e9ter des changements dans nos pratiques. Les modifications seront publi\u00e9es sur notre site avec la date de mise \u00e0 jour.<\/p>\n<h3>8. Nous contacter<\/h3>\n<p>Pour toute question ou pr\u00e9occupation concernant cette politique ou vos donn\u00e9es personnelles, n&rsquo;h\u00e9sitez pas \u00e0 nous contacter \u00e0 <a target=\"_new\">contact@supersuasive.com<\/a>.<\/p>\n<p><\/p>\t\t\t\t\t\t\t\t<\/div>\n\t\t\t\t\t<\/div>\n\t\t\t\t<\/div>\n\t\t\t\t<\/div>\n\t\t","protected":false},"excerpt":{"rendered":"<p>Privacy Policy<\/p>\n","protected":false},"author":1,"featured_media":0,"parent":0,"menu_order":0,"comment_status":"closed","ping_status":"closed","template":"","meta":{"footnotes":""},"class_list":["post-3","page","type-page","status-publish","hentry"],"yoast_head":"<!-- This site is optimized with the Yoast SEO Premium plugin v24.5 (Yoast SEO v23.0) - https:\/\/yoast.com\/wordpress\/plugins\/seo\/ -->\n<title>Politique de confidentialit\u00e9 - Supersuasive<\/title>\n<meta name=\"robots\" content=\"index, follow, max-snippet:-1, max-image-preview:large, max-video-preview:-1\" \/>\n<link rel=\"canonical\" href=\"https:\/\/supersuasive.com\/fr\/politique-confidentialite\/\" \/>\n<meta property=\"og:locale\" content=\"fr_FR\" \/>\n<meta property=\"og:type\" content=\"article\" \/>\n<meta property=\"og:title\" content=\"Politique de confidentialit\u00e9 - Supersuasive\" \/>\n<meta property=\"og:description\" content=\"Privacy Policy\" \/>\n<meta property=\"og:url\" content=\"https:\/\/supersuasive.com\/fr\/politique-confidentialite\/\" \/>\n<meta property=\"og:site_name\" content=\"Supersuasive\" \/>\n<meta property=\"article:publisher\" content=\"https:\/\/web.facebook.com\/profile.php?id=61557781702089\" \/>\n<meta property=\"article:modified_time\" content=\"2024-11-02T12:03:34+00:00\" \/>\n<meta name=\"twitter:card\" content=\"summary_large_image\" \/>\n<meta name=\"twitter:site\" content=\"@supersuasive_\" \/>\n<meta name=\"twitter:label1\" content=\"Dur\u00e9e de lecture estim\u00e9e\" \/>\n\t<meta name=\"twitter:data1\" content=\"2 minutes\" \/>\n<script type=\"application\/ld+json\" class=\"yoast-schema-graph\">{\"@context\":\"https:\/\/schema.org\",\"@graph\":[{\"@type\":\"WebPage\",\"@id\":\"https:\/\/supersuasive.com\/fr\/politique-confidentialite\/\",\"url\":\"https:\/\/supersuasive.com\/fr\/politique-confidentialite\/\",\"name\":\"Politique de confidentialit\u00e9 - Supersuasive\",\"isPartOf\":{\"@id\":\"https:\/\/supersuasive.com\/#website\"},\"datePublished\":\"2023-09-21T12:41:01+00:00\",\"dateModified\":\"2024-11-02T12:03:34+00:00\",\"breadcrumb\":{\"@id\":\"https:\/\/supersuasive.com\/fr\/politique-confidentialite\/#breadcrumb\"},\"inLanguage\":\"fr-FR\",\"potentialAction\":[{\"@type\":\"ReadAction\",\"target\":[\"https:\/\/supersuasive.com\/fr\/politique-confidentialite\/\"]}]},{\"@type\":\"BreadcrumbList\",\"@id\":\"https:\/\/supersuasive.com\/fr\/politique-confidentialite\/#breadcrumb\",\"itemListElement\":[{\"@type\":\"ListItem\",\"position\":1,\"name\":\"Accueil\",\"item\":\"https:\/\/supersuasive.com\/\"},{\"@type\":\"ListItem\",\"position\":2,\"name\":\"Politique de confidentialit\u00e9\"}]},{\"@type\":\"WebSite\",\"@id\":\"https:\/\/supersuasive.com\/#website\",\"url\":\"https:\/\/supersuasive.com\/\",\"name\":\"Supersuasive\",\"description\":\"We can make you sell anything!\",\"publisher\":{\"@id\":\"https:\/\/supersuasive.com\/#organization\"},\"potentialAction\":[{\"@type\":\"SearchAction\",\"target\":{\"@type\":\"EntryPoint\",\"urlTemplate\":\"https:\/\/supersuasive.com\/?s={search_term_string}\"},\"query-input\":\"required name=search_term_string\"}],\"inLanguage\":\"fr-FR\"},{\"@type\":\"Organization\",\"@id\":\"https:\/\/supersuasive.com\/#organization\",\"name\":\"Supersuasive\",\"url\":\"https:\/\/supersuasive.com\/\",\"logo\":{\"@type\":\"ImageObject\",\"inLanguage\":\"fr-FR\",\"@id\":\"https:\/\/supersuasive.com\/#\/schema\/logo\/image\/\",\"url\":\"https:\/\/supersuasive.com\/wp-content\/uploads\/2024\/03\/logoblack-2.png\",\"contentUrl\":\"https:\/\/supersuasive.com\/wp-content\/uploads\/2024\/03\/logoblack-2.png\",\"width\":613,\"height\":594,\"caption\":\"Supersuasive\"},\"image\":{\"@id\":\"https:\/\/supersuasive.com\/#\/schema\/logo\/image\/\"},\"sameAs\":[\"https:\/\/web.facebook.com\/profile.php?id=61557781702089\",\"https:\/\/x.com\/supersuasive_\",\"https:\/\/fr.pinterest.com\/Supersuasive\",\"https:\/\/www.linkedin.com\/company\/101874966\/\"]}]}<\/script>\n<!-- \/ Yoast SEO Premium plugin. -->","yoast_head_json":{"title":"Politique de confidentialit\u00e9 - Supersuasive","robots":{"index":"index","follow":"follow","max-snippet":"max-snippet:-1","max-image-preview":"max-image-preview:large","max-video-preview":"max-video-preview:-1"},"canonical":"https:\/\/supersuasive.com\/fr\/politique-confidentialite\/","og_locale":"fr_FR","og_type":"article","og_title":"Politique de confidentialit\u00e9 - Supersuasive","og_description":"Privacy Policy","og_url":"https:\/\/supersuasive.com\/fr\/politique-confidentialite\/","og_site_name":"Supersuasive","article_publisher":"https:\/\/web.facebook.com\/profile.php?id=61557781702089","article_modified_time":"2024-11-02T12:03:34+00:00","twitter_card":"summary_large_image","twitter_site":"@supersuasive_","twitter_misc":{"Dur\u00e9e de lecture estim\u00e9e":"2 minutes"},"schema":{"@context":"https:\/\/schema.org","@graph":[{"@type":"WebPage","@id":"https:\/\/supersuasive.com\/fr\/politique-confidentialite\/","url":"https:\/\/supersuasive.com\/fr\/politique-confidentialite\/","name":"Politique de confidentialit\u00e9 - Supersuasive","isPartOf":{"@id":"https:\/\/supersuasive.com\/#website"},"datePublished":"2023-09-21T12:41:01+00:00","dateModified":"2024-11-02T12:03:34+00:00","breadcrumb":{"@id":"https:\/\/supersuasive.com\/fr\/politique-confidentialite\/#breadcrumb"},"inLanguage":"fr-FR","potentialAction":[{"@type":"ReadAction","target":["https:\/\/supersuasive.com\/fr\/politique-confidentialite\/"]}]},{"@type":"BreadcrumbList","@id":"https:\/\/supersuasive.com\/fr\/politique-confidentialite\/#breadcrumb","itemListElement":[{"@type":"ListItem","position":1,"name":"Accueil","item":"https:\/\/supersuasive.com\/"},{"@type":"ListItem","position":2,"name":"Politique de confidentialit\u00e9"}]},{"@type":"WebSite","@id":"https:\/\/supersuasive.com\/#website","url":"https:\/\/supersuasive.com\/","name":"Supersuasive","description":"We can make you sell anything!","publisher":{"@id":"https:\/\/supersuasive.com\/#organization"},"potentialAction":[{"@type":"SearchAction","target":{"@type":"EntryPoint","urlTemplate":"https:\/\/supersuasive.com\/?s={search_term_string}"},"query-input":"required name=search_term_string"}],"inLanguage":"fr-FR"},{"@type":"Organization","@id":"https:\/\/supersuasive.com\/#organization","name":"Supersuasive","url":"https:\/\/supersuasive.com\/","logo":{"@type":"ImageObject","inLanguage":"fr-FR","@id":"https:\/\/supersuasive.com\/#\/schema\/logo\/image\/","url":"https:\/\/supersuasive.com\/wp-content\/uploads\/2024\/03\/logoblack-2.png","contentUrl":"https:\/\/supersuasive.com\/wp-content\/uploads\/2024\/03\/logoblack-2.png","width":613,"height":594,"caption":"Supersuasive"},"image":{"@id":"https:\/\/supersuasive.com\/#\/schema\/logo\/image\/"},"sameAs":["https:\/\/web.facebook.com\/profile.php?id=61557781702089","https:\/\/x.com\/supersuasive_","https:\/\/fr.pinterest.com\/Supersuasive","https:\/\/www.linkedin.com\/company\/101874966\/"]}]}},"_links":{"self":[{"href":"https:\/\/supersuasive.com\/fr\/wp-json\/wp\/v2\/pages\/3","targetHints":{"allow":["GET"]}}],"collection":[{"href":"https:\/\/supersuasive.com\/fr\/wp-json\/wp\/v2\/pages"}],"about":[{"href":"https:\/\/supersuasive.com\/fr\/wp-json\/wp\/v2\/types\/page"}],"author":[{"embeddable":true,"href":"https:\/\/supersuasive.com\/fr\/wp-json\/wp\/v2\/users\/1"}],"replies":[{"embeddable":true,"href":"https:\/\/supersuasive.com\/fr\/wp-json\/wp\/v2\/comments?post=3"}],"version-history":[{"count":0,"href":"https:\/\/supersuasive.com\/fr\/wp-json\/wp\/v2\/pages\/3\/revisions"}],"wp:attachment":[{"href":"https:\/\/supersuasive.com\/fr\/wp-json\/wp\/v2\/media?parent=3"}],"curies":[{"name":"wp","href":"https:\/\/api.w.org\/{rel}","templated":true}]}}